{"id":91,"date":"2023-08-18T09:24:06","date_gmt":"2023-08-17T23:54:06","guid":{"rendered":"https:\/\/prd0jseasy.wpenginepowered.com\/nz\/canada-ohs-legislation\/"},"modified":"2024-04-12T13:59:25","modified_gmt":"2024-04-12T04:29:25","slug":"canada-ohs-legislation","status":"publish","type":"page","link":"https:\/\/jseasy-safety-software.com\/nz\/canada-ohs-legislation\/","title":{"rendered":"Canada OH&#038;S"},"content":{"rendered":"\t\t<div data-elementor-type=\"wp-page\" data-elementor-id=\"91\" class=\"elementor elementor-91\" data-elementor-post-type=\"page\">\n\t\t\t\t\t\t<section class=\"elementor-section elementor-top-section elementor-element elementor-element-87e8702 elementor-section-boxed elementor-section-height-default elementor-section-height-default\" data-id=\"87e8702\" data-element_type=\"section\" data-e-type=\"section\">\n\t\t\t\t\t\t<div class=\"elementor-container elementor-column-gap-default\">\n\t\t\t\t\t<div class=\"elementor-column elementor-col-100 elementor-top-column elementor-element elementor-element-337050e\" data-id=\"337050e\" data-element_type=\"column\" data-e-type=\"column\">\n\t\t\t<div class=\"elementor-widget-wrap elementor-element-populated\">\n\t\t\t\t\t\t<div class=\"elementor-element elementor-element-1c23695 elementor-widget elementor-widget-heading\" data-id=\"1c23695\" data-element_type=\"widget\" data-e-type=\"widget\" data-widget_type=\"heading.default\">\n\t\t\t\t<div class=\"elementor-widget-container\">\n\t\t\t\t\t<h1 class=\"elementor-heading-title elementor-size-default\">Canada OH &amp; S<\/h1>\t\t\t\t<\/div>\n\t\t\t\t<\/div>\n\t\t\t\t\t<\/div>\n\t\t<\/div>\n\t\t\t\t\t<\/div>\n\t\t<\/section>\n\t\t\t\t<section class=\"elementor-section elementor-top-section elementor-element elementor-element-a08195d elementor-section-boxed elementor-section-height-default elementor-section-height-default\" data-id=\"a08195d\" data-element_type=\"section\" data-e-type=\"section\">\n\t\t\t\t\t\t<div class=\"elementor-container elementor-column-gap-default\">\n\t\t\t\t\t<div class=\"elementor-column elementor-col-100 elementor-top-column elementor-element elementor-element-2a74b0e\" data-id=\"2a74b0e\" data-element_type=\"column\" data-e-type=\"column\">\n\t\t\t<div class=\"elementor-widget-wrap elementor-element-populated\">\n\t\t\t\t\t\t<div class=\"elementor-element elementor-element-9de3850 elementor-widget elementor-widget-text-editor\" data-id=\"9de3850\" data-element_type=\"widget\" data-e-type=\"widget\" data-widget_type=\"text-editor.default\">\n\t\t\t\t<div class=\"elementor-widget-container\">\n\t\t\t\t\t\t\t\t\t<h2 style=\"text-align: center;\"><strong>OH &amp; S Legislation in Canada<\/strong><\/h2><p><strong><br \/>Q.\u00a0Who is covered under the jurisdiction of the federal government in Canada?<\/strong><\/p><p><strong>A.\u00a0<\/strong>Approximately 10% of the Canadian workforce falls under the OH&amp;S jurisdiction of the federal government. The remaining 90% of Canadian workers fall under the legislation of the province or territory where they work. The Canada Labour Code also applies to employees of companies or sectors that operate across provincial or international borders.<\/p><p><strong>Q.\u00a0What occupational health and safety agency covers my workplace??<\/strong><\/p><p><strong>A.\u00a0<\/strong>There are fourteen jurisdictions in Canada &#8211;\u00a0<a title=\"jurisdictions in Canada\" href=\"http:\/\/www.ccohs.ca\/oshanswers\/information\/govt.html\" target=\"_blank\" rel=\"noopener\">one federal, ten provincial and three territorial<\/a>\u00a0each having its own occupational health and safety legislation. For most people in Canada, the agency that you would contact is the provincial or territorial agency in the area where you work. There are some exceptions to this. Federal legislation covers employees of the federal government and Crown agencies and corporations across Canada.<\/p><h2 class=\"bar-title-size\">Alberta<\/h2><div class=\"pddn-left-25 mrgn-rght-md mrgn-tp-0 content-op\"><p>Occupational Health and Safety<br \/>Alberta Jobs, Skills, Training and Labour<br \/>10th Floor Seventh Street Plaza, South Tower<br \/>10030 &#8211; 107 Street<br \/>Edmonton\u00a0 AB\u00a0 T5J 3E4<br \/>General Inquiries: (780) 415-8690<br \/>Workplace Health and Safety Call Centre: 1-866-415-8690<br \/><a title=\"Workplace Health and Safety Call Centre\" href=\"http:\/\/humanservices.alberta.ca\/working-in-alberta\/53.html\" target=\"_blank\" rel=\"noopener\">http:\/\/humanservices.alberta.ca\/working-in-alberta\/53.html<\/a><\/p><h2 class=\"bar-title-size\">British Columbia<\/h2><div class=\"pddn-left-25 mrgn-rght-md mrgn-tp-0 content-op\"><p>WorkSafeBC<br \/>6951 Westminster Highway<br \/>P.O. Box 5350 STN Terminal<br \/>Richmond BC V6B 5L5<br \/>General Inquiries: (604) 273-2266<br \/>Health &amp; Safety Questions (604) 276-3100; 1-888-621-7233<br \/>After hours safety and health emergency reporting: (604) 273-7711; 1-888-621-7233<br \/><a title=\"WorkSafeBC\" href=\"http:\/\/www.worksafebc.com\/\" target=\"_blank\" rel=\"noopener\">http:\/\/www.worksafebc.com\/<\/a><br \/>Contact List\/Regional Offices:\u00a0<a title=\"locations throughout the province are listed here\" href=\"https:\/\/www.worksafebc.com\/en\/contact-us\/office-locations\" target=\"_blank\" rel=\"noopener\">Office locations<\/a><\/p><h2 class=\"bar-title-size\">Manitoba<\/h2><div class=\"pddn-left-25 mrgn-rght-md mrgn-tp-0 content-op\"><p>SAFE Manitoba<br \/>16 &#8211; 363 Broadway<br \/>Winnipeg MB R3C 3N9<br \/><a title=\"SAFE Manitoba\" href=\"http:\/\/safemanitoba.com\/\" target=\"_blank\" rel=\"noopener\">http:\/\/safemanitoba.com\/<\/a><\/p><p>For more information on SAFE Work Manitoba or for Workplace Safety and Health: (204) 957-7233; 1-866-929-7233<\/p><h2 class=\"bar-title-size\">New Brunswick<\/h2><div class=\"pddn-left-25 mrgn-rght-md mrgn-tp-0 content-op\"><p>WorkSafeNB<br \/>Saint John &#8211; Head Office<br \/>1 Portland Street<br \/>P.O. Box 160<br \/>Saint John NB E2L 3X9<br \/>Telephone: (506) 632-2200; 1-800-222-9775<br \/><a title=\"WorkSafeNB\" href=\"http:\/\/www.worksafenb.ca\/\" target=\"_blank\" rel=\"noopener\">http:\/\/www.worksafenb.ca\/<\/a><\/p><h2 class=\"bar-title-size\">Newfoundland and Labrador<\/h2><div class=\"pddn-left-25 mrgn-rght-md mrgn-tp-0 content-op\"><p>Occupational Health and Safety Branch, Service NL<br \/>28 Pippy Place<br \/>St John&#8217;s NL A1B 3X4<br \/>Telephone: 1-800-563-5471<br \/>Serious Workplace Accident Reports: (709) 729-4444 (24 Hours)<br \/><a title=\"Occupational Health and Safety Branch, Service NL\" href=\"https:\/\/www.gov.nl.ca\/dgsnl\/ohs\/safety-info\/\" target=\"_blank\" rel=\"noopener\">https:\/\/www.gov.nl.ca\/dgsnl\/ohs\/safety-info\/<\/a><\/p><h2 class=\"bar-title-size\">Northwest Territories and Nunavut<\/h2><div class=\"pddn-left-25 mrgn-rght-md mrgn-tp-0 content-op\"><p>Workers&#8217; Safety and Compensation Commission of the Northwest Territories and Nunavut<br \/>P.O. Box 8888<br \/>Centre Square Tower, 5th Floor<br \/>5022 49 Street<br \/>Yellowknife NT X1A 2R3<br \/>Telephone: (867) 920-3888; 1-800-661-0792<br \/>Iqaluit Office: (867) 979-8500; 1-877-404-4407<br \/>Inuvik Office &#8211; Industrial Safety: (867) 678-2301<br \/><a title=\"Workers' Safety and Compensation Commission of the Northwest Territories and Nunavut\" href=\"http:\/\/www.wscc.nt.ca\/\" target=\"_blank\" rel=\"noopener\">http:\/\/www.wscc.nt.ca<\/a><\/p><h2 class=\"bar-title-size\">Nova Scotia<\/h2><div class=\"pddn-left-25 mrgn-rght-md mrgn-tp-0 content-op\"><p>Occupational Health &amp; Safety Division<br \/>Nova Scotia Labour and Advanced Education<br \/>P.O. Box 697<br \/>5151 Terminal Road<br \/>Halifax, NS B3J 2T8<br \/>Telephone: 902-424-5400; 1-800-952-2687 or<br \/><a title=\"Occupational Health &amp; Safety Division Nova Scotia Labour and Advanced Educatio\" href=\"https:\/\/novascotia.ca\/lae\/ohs\/\" target=\"_blank\" rel=\"noopener\">https:\/\/novascotia.ca\/lae\/ohs\/ \u00a0\u00a0<\/a>or\u00a0\u00a0<a title=\"Occupational Health &amp; Safety Division Nova Scotia\" href=\"https:\/\/beta.novascotia.ca\/\" target=\"_blank\" rel=\"noopener\">https:\/\/novascotia.ca<\/a><\/p><h2 class=\"bar-title-size\">Ontario<\/h2><div class=\"pddn-left-25 mrgn-rght-md mrgn-tp-0 content-op\"><p>Occupational Health and Safety Branch<br \/>Ministry of Labour<br \/>505 University Avenue, 19th Floor<br \/>Toronto, ON M7A 1T7<br \/>Telephone: 1-877-202-0008 (in Ontario only)<br \/><a title=\"Occupational Health and Safety Branch Ministry of Labour\" href=\"http:\/\/www.labour.gov.on.ca\/english\/hs\/\" target=\"_blank\" rel=\"noopener\">http:\/\/www.labour.gov.on.ca\/english\/hs\/<\/a><br \/>Regional Offices:\u00a0<a title=\"Occupational Health and Safety Branch \" href=\"http:\/\/www.labour.gov.on.ca\/english\/about\/reg_offices.php\" target=\"_blank\" rel=\"noopener\">http:\/\/www.labour.gov.on.ca\/english\/about\/reg_offices.php<\/a><\/p><h2 class=\"bar-title-size\">Prince Edward Island<\/h2><div class=\"pddn-left-25 mrgn-rght-md mrgn-tp-0 content-op\"><p>Safe Workplaces<br \/>Workers&#8217; Compensation Board<br \/>P.O. Box 757. 14 Weymouth Street<br \/>Charlottetown PE C1A 7L7<br \/>General Inquiries: (902) 368-5680; 1-800-237-5049 (in Atlantic Canada only)<br \/><a title=\"Workers' Compensation Board\" href=\"http:\/\/www.wcb.pe.ca\/\" target=\"_blank\" rel=\"noopener\">http:\/\/www.wcb.pe.ca<\/a><\/p><h2 class=\"bar-title-size\">Quebec<\/h2><div class=\"pddn-left-25 mrgn-rght-md mrgn-tp-0 content-op\"><p><span lang=\"fr\" xml:lang=\"fr\">Commission des normes, de l&#8217;\u00e9quit\u00e9, de la sant\u00e9 et de la s\u00e9curit\u00e9 du travail (CNESST)<\/span><br \/>[Administrative Head Office]<br \/>524, rue Bourdages<br \/>Qu\u00e9bec QC G1K 7E2<br \/>Telephone: 1-844-838-0808<br \/><a title=\"Commission des normes, de l'\u00e9quit\u00e9, de la sant\u00e9 et de la s\u00e9curit\u00e9 du travail (CNESST)\" href=\"https:\/\/www.csst.qc.ca\/Pages\/index.aspx\" target=\"_blank\" rel=\"noopener\">https:\/\/www.csst.qc.ca\/Pages\/index.aspx<\/a>\u00a0ou\u00a0\u00a0<a title=\"Administrative Head Office\" href=\"https:\/\/www.csst.qc.ca\/en\/Pages\/all_english_content.aspx\" target=\"_blank\" rel=\"noopener\">https:\/\/www.csst.qc.ca\/en\/Pages\/all_english_content.aspx<\/a><br \/>Regional Offices:\u00a0<a title=\"Regional Offices website\" href=\"https:\/\/www.cnesst.gouv.qc.ca\/nous-joindre\/Pages\/nous-joindre.aspx\" target=\"_blank\" rel=\"noopener\">http:\/\/www.cnesst.gouv.qc.ca\/nous-joindre\/pages\/nous-joindre.aspx#bureau_regionaux<\/a><\/p><h2 class=\"bar-title-size\">Saskatchewan<\/h2><div class=\"pddn-left-25 mrgn-rght-md mrgn-tp-0 content-op\"><p>WorkSafe Saskatchewan<br \/>200 &#8211; 1881 Scarth Street<br \/>Regina SK S4P 4L1<br \/>Telephone: (306) 787-4370; 1-800-667-7590<br \/>To report a dangerous work situation: 1-800-567-7233<br \/><a title=\"WorkSafe Saskatchewan\" href=\"http:\/\/www.worksafesask.ca\/\">http:\/\/www.worksafesask.ca\/<\/a><\/p><h2 class=\"bar-title-size\">Yukon<\/h2><div class=\"pddn-left-25 mrgn-rght-md mrgn-tp-0 content-op\"><p>Occupational Health and Safety Branch<br \/>Yukon Workers&#8217; Compensation, Health and Safety Board<br \/>401 Strickland Street<br \/>Whitehorse YT Y1A 5N8<br \/>General Inquiries (867) 667-5645; 1-800-661-0443<br \/><a title=\"Yukon Workers' Compensation, Health and Safety Board\" href=\"https:\/\/wcb.yk.ca\/\">http:\/\/wcb.yk.ca<\/a><\/p><p><strong>Q.\u00a0What is a JSA?<\/strong><\/p><p><strong>A.\u00a0Job Safety Analysis (JSA)<\/strong>\u00a0is one of the risk assessment tools used to identify and control workplace hazards. \u00a0A JSA is a second tier risk assessment with the aim of preventing personal injury to a person, or their colleagues, and any other person passing or working adjacent, above or below. JSAs are also known as Job Hazard Analysis (JHA) and Task Hazard Analysis (THA).<\/p><p><strong>Q.\u00a0What is a JSEA?<\/strong><\/p><p><strong>A.\u00a0A Job Safety and Environmental Analysis (JSEA<\/strong><strong>)<\/strong>\u00a0is the same as a JSA or a SWMS but also considers the risks to the environment and control measures to minimise these risks.\u00a0<a title=\"Download a JSEA example\" href=\"http:\/\/www.jseasy.com.au\/JSEAsy-JSEA-SWMS-Example.pdf\" target=\"_blank\" rel=\"noopener\">An example of a JSEA can be found here<\/a>.<\/p><p><strong>Q.\u00a0What is the difference between a SWMS and a JSEA?<\/strong><\/p><p><strong>A.\u00a0A Job Safety and Environmental Analysis (JSEA<\/strong><strong>)<\/strong>\u00a0is essentially the same as a Safe Work Method Statement (SWMS) but also considers the risks to the environment and control measures to minimise these risks. They all follow the following 3 basic elements:<\/p><p>Job step &#8211; what are you going to do?<\/p><p>Potential Hazard \u2013 What can go wrong or cause injury to persons or property<\/p><p>Hazard control measure \u2013 What are you going to do to make sure it doesn\u2019t go wrong or cause injury.<\/p><p><strong>Q.\u00a0Does JSEAsy produce a SWMS or a JSEA?<\/strong><\/p><p><strong>A.<\/strong>\u00a0The\u00a0<strong>JSEAsy software produced a hybrid SWMS\/ JSEA document.\u00a0<br \/><\/strong>By inserting the steps that you are going to take, in the order that you are going to take them you are creating a<strong>\u00a0Work Method Statement.<br \/><\/strong>By identifying the potential hazards associated with each step and ways to control them you are creating<strong>\u00a0a Safe Work Method Statement (SWMS)\u00a0<\/strong>or a<strong>\u00a0Job Safety and Analysis (JSA).<br \/><\/strong>By identifying<strong>\u00a0Environmental Hazards\u00a0<\/strong>associated with each step and ways to control them you are creating a<strong>\u00a0JOB Safety and Environmental Analysis (JSEA).\u00a0<\/strong><\/p><p>JSEAsy wraps all this into one document.<\/p><p><strong>Q.\u00a0What is the Hazard Identification and Assessment Process?<\/strong><\/p><p><strong>\u00a0<\/strong><strong>A.\u00a0<\/strong>According to the Occupational Health and Safety legislation, employers are required to assess a work site for existing and potential hazards before work begins.<\/p><p>The Hazard Identification and Assessment process will impact many other elements of the Health and Safety Management System. As a result, it is important to take the time necessary to do the job thoroughly. Hazard assessment data can also be used to develop other elements of a Health and Safety Management System, including:<\/p><p><strong>Incident Investigations<\/strong>: hazard assessment and control data can be used to help determine if a system failure was the cause of an incident<\/p><p><strong>Emergency Response<\/strong>: use hazard assessments to help pinpoint areas that will require Emergency Response Plans.<\/p><p><strong>Work Site Inspections<\/strong>: use hazard assessment data as the basis for inspection checklists.<\/p><p><strong>Training and Orientation<\/strong>: use hazard assessment data to determine what worker training needs to be done, and to build the content of employee orientations and job-specific training.<\/p><p><strong>Q.\u00a0What is a Hazard?<\/strong><\/p><p><strong>A.<\/strong>\u00a0A Hazard is something that has the potential to cause harm<\/p><p><strong>Q.\u00a0How do I identify Hazards?<\/strong><\/p><p><strong>A.<\/strong>\u00a0Occupational hazards are divided into two categories:<\/p><p><strong>Health Hazards<\/strong>: A health hazard may produce serious and immediate (acute) health effects or cause long-term (chronic) health problems. All or part of the body may be affected. Someone with an occupational illness may not recognize the symptoms immediately. For example, noise-induced hearing loss is often not noticed until it is well advanced.<\/p><p><strong>Safety Hazards<\/strong>: A safety hazard is anything that could endanger the immediate safety of an employee, for example, a pinch point, crush, or burn hazard.<\/p><p><strong><em>Hazard Categories\u00a0<\/em><\/strong>Both health and safety hazards can be classified into the following categories:<\/p><p><em><strong>Physical hazards<\/strong><\/em>, including lifting, repetitive motions, slipping, machinery, working at heights, loud noise, extreme temperatures, etc.<\/p><p><em><strong>Chemical Hazards<\/strong><\/em>, including exposure to chemicals, dusts, fumes, mists and vapours.<\/p><p><em><strong>Biological Hazards<\/strong><\/em>, including exposure to viruses, fungi, bacteria, moulds, body fluids, and sewage.<\/p><p><em><strong>Psychological Hazards<\/strong><\/em>, including violence, stress and fatigue.<\/p><p><strong>Q.\u00a0What is the difference between Hazard and Risk?<\/strong><\/p><p><strong>A.\u00a0<\/strong>The terms \u201chazard\u201d and \u201crisk\u201d are often used interchangeably (and incorrectly). A\u00a0<em>hazard\u00a0<\/em>is a situation, condition, or behaviour that has the potential to cause an injury or loss. For example, ice on a walkway, oven mitts with burn holes, or an unlabelled bottle of liquid are hazards. In contrast,\u00a0<em>risk\u00a0<\/em>is the chance of injury, damage, or loss and is usually expressed as a probability. For example, the risk of slipping on the icy walkway is high.<\/p><p><strong>Q.\u00a0What is a Hazard Report Form used for?<\/strong><\/p><p><strong>A.<\/strong>\u00a0A hazard report form is used when workers have identified a potential hazard that cannot be simply and immediately fixed.<\/p><p><strong>Q.\u00a0What is Imminent Danger?<\/strong><\/p><p><strong>A.\u00a0<\/strong>Some hazards are significant enough to present a situation of imminent danger. The Occupational Health and Safety Act requires that workers stop performing work if they believe that an imminent danger to their health and safety exists. Imminent danger in relation to any occupation means a danger that is not normal for that occupation, or a danger under which a person engaged in that occupation would not normally carry out the work<\/p><p><strong>Q.\u00a0What are the sources of Hazards?<\/strong><\/p><p><strong>A.\u00a0<\/strong>There are many sources of hazards in a workplace, however, the three most likely sources that should be considered are:<\/p><p><strong>Workplace Environment<\/strong>: Factors such as facility layout, ventilation and lighting, walking surfaces, temperature and other variables can all be sources of hazards.<\/p><p><strong>Equipment and Materials<\/strong>: Some equipment, tools and materials used in the job process are inherently hazardous, and others become hazardous over time due to inadequate maintenance, storage, or disposal.<\/p><p><strong>People<\/strong>: Lack of training, poor communication, rushing, fatigue, and other factors may cause at-risk behaviours.<\/p><\/div><\/div><\/div><\/div><\/div><\/div><\/div><\/div><\/div><\/div><\/div><\/div>\t\t\t\t\t\t\t\t<\/div>\n\t\t\t\t<\/div>\n\t\t\t\t\t<\/div>\n\t\t<\/div>\n\t\t\t\t\t<\/div>\n\t\t<\/section>\n\t\t\t\t<\/div>\n\t\t","protected":false},"excerpt":{"rendered":"<p>Canada OH &#038; S OH &amp; S Legislation in Canada Q.\u00a0Who is covered under the jurisdiction of the federal government in Canada? A.\u00a0Approximately 10% of the Canadian workforce falls under the OH&amp;S jurisdiction of the federal government. The remaining 90% of Canadian workers fall under the legislation of the province or territory where they work. [&hellip;]<\/p>\n","protected":false},"author":1,"featured_media":0,"parent":0,"menu_order":0,"comment_status":"closed","ping_status":"closed","template":"","meta":{"_acf_changed":false,"footnotes":""},"class_list":["post-91","page","type-page","status-publish","hentry"],"acf":[],"aioseo_notices":[],"_links":{"self":[{"href":"https:\/\/jseasy-safety-software.com\/nz\/wp-json\/wp\/v2\/pages\/91","targetHints":{"allow":["GET"]}}],"collection":[{"href":"https:\/\/jseasy-safety-software.com\/nz\/wp-json\/wp\/v2\/pages"}],"about":[{"href":"https:\/\/jseasy-safety-software.com\/nz\/wp-json\/wp\/v2\/types\/page"}],"author":[{"embeddable":true,"href":"https:\/\/jseasy-safety-software.com\/nz\/wp-json\/wp\/v2\/users\/1"}],"replies":[{"embeddable":true,"href":"https:\/\/jseasy-safety-software.com\/nz\/wp-json\/wp\/v2\/comments?post=91"}],"version-history":[{"count":0,"href":"https:\/\/jseasy-safety-software.com\/nz\/wp-json\/wp\/v2\/pages\/91\/revisions"}],"wp:attachment":[{"href":"https:\/\/jseasy-safety-software.com\/nz\/wp-json\/wp\/v2\/media?parent=91"}],"curies":[{"name":"wp","href":"https:\/\/api.w.org\/{rel}","templated":true}]}}